{"id":3,"date":"2023-03-15T17:04:33","date_gmt":"2023-03-15T22:04:33","guid":{"rendered":"http:\/\/abogadogilhenao.com\/?page_id=3"},"modified":"2023-07-07T10:53:09","modified_gmt":"2023-07-07T15:53:09","slug":"politica-privacidad","status":"publish","type":"page","link":"https:\/\/abogadogilhenao.com\/index.php\/politica-privacidad\/","title":{"rendered":"Pol\u00edtica de privacidad"},"content":{"rendered":"<section class=\"wpb-content-wrapper\"><p>[vc_row][vc_column][vc_column_text]<\/p>\r\n<h2>\u00a0<\/h2>\r\n<h2>Qui\u00e9nes somos<\/h2>\r\n<p><strong class=\"privacy-policy-tutorial\">\u00a0<\/strong>Nuestra direcci\u00f3n de sitio web es: http:\/\/abogadogilhenao.com.<\/p>\r\n<p><strong>Desarrollador WILFER CARDONA<\/strong><\/p>\r\n<ul>\r\n<li>Desarrollador Web.<br \/>Desarrollo de producci\u00f3n multimedia.<br \/>Animaci\u00f3n y modelado 3D.<br \/>Realidad Aumentada.<br \/>Telecomunicaciones, Desarrollo de aplicaciones m\u00f3viles y Desarrollo de software personalizado<br \/>Ceo de Engranaje Estudios<br \/>https:\/\/engranajestudios.com\/<br \/>Correo electr\u00f3nico nuevo pensao@gmail.com<br \/>Dosquebradas, Risaralda, Colombia<\/li>\r\n<\/ul>\r\n<p><strong>IDENTIDAD DEL RESPONSABLE <u>PORTAFOLIO DE SERVICIOS<\/u> DE LA PAGINA. <\/strong><\/p>\r\n<ul>\r\n<li>Abogado Juan Carlos gil Orteg\u00f3n<\/li>\r\n<li>Abogado Gil Henao RUT 10.281.737-1<\/li>\r\n<\/ul>\r\n<ul>\r\n<li>Domicilio:\u00a0Manizales<\/li>\r\n<li>Correo electr\u00f3nico:\u00a0jcg737@gmail.com<\/li>\r\n<li>Sitio Web:\u00a0<a href=\"http:\/\/www.abogadogilhenao.com\">www.abogadogilhenao.com<\/a><\/li>\r\n<li>Correo electr\u00f3nico\u00a0\u00a0\u00a0\u00a0 <a href=\"mailto:asesoria@abogadogilhenao.com\">asesoria@abogadogilhenao.com<\/a><\/li>\r\n<li>\u00danico medio\u00a0 Para Consultas\u00a0 en l\u00ednea\u00a0\u00a0\u00a0 por\u00a0 v\u00eda\u00a0 llamada\u00a0 de\u00a0 WhatsApp<\/li>\r\n<li>M\u00f3vil 3105449331<\/li>\r\n<\/ul>\r\n<p>&nbsp;<\/p>\r\n<p><strong>www.abogadogilhernao.com<\/strong>\u00a0informa sobre su Pol\u00edtica de Privacidad respecto del tratamiento y protecci\u00f3n de los datos de car\u00e1cter personal de los seguidores, usuarios y clientes que puedan ser recabados por la navegaci\u00f3n o contrataci\u00f3n de servicios a trav\u00e9s del sitio Web.<\/p>\r\n<p>En este sentido, <strong>www.abogadogilhenao.com<\/strong> garantiza el cumplimiento de la normativa vigente en materia de protecci\u00f3n de datos personales, reflejada en la Ley Org\u00e1nica 3\/2018, de 5 de diciembre, de Protecci\u00f3n de Datos Personales y de Garant\u00eda de Derechos Digitales (LOPD GDD). Cumple tambi\u00e9n con el Reglamento (UE) 2016\/679 del Parlamento Europeo y del Consejo de 27 de abril de 2016 relativo a la protecci\u00f3n de las personas f\u00edsicas (RGPD)en concordancia\u00a0 con la normativa Colombiana sobre\u00a0 la materia<\/p>\r\n<table>\r\n<tbody>\r\n<tr>\r\n<td width=\"671\"><strong>Sitio\u00a0 Web\u00a0\u00a0\u00a0\u00a0\u00a0\u00a0\u00a0\u00a0\u00a0\u00a0\u00a0\u00a0\u00a0\u00a0\u00a0\u00a0\u00a0\u00a0\u00a0\u00a0\u00a0\u00a0\u00a0 www.abogadogilhernao.com<\/strong><\/td>\r\n<\/tr>\r\n<\/tbody>\r\n<\/table>\r\n<ul>\r\n<li><strong>abogadogilhernao.com<\/strong><strong> fue\u00a0 creado\u00a0 y desarrollado <\/strong><strong>con \u00a0un\u00a0 contenido netamente Acad\u00e9mico, informativo, ilustrativo\u00a0 y\u00a0 jur\u00eddico\u00a0 enmarcado en las\u00a0 Leyes\u00a0\u00a0 que\u00a0 crean los \u00a0\u00a0c\u00f3digos\u00a0 Colombianos\u00a0 que\u00a0 versan\u00a0 sobre\u00a0 las materias Jur\u00eddicas all\u00ed referenciadas \u00a0este \u00a0\u00a0\u00a0\u00a0contenido\u00a0\u00a0 esta\u00a0\u00a0 dirigido\u00a0 a\u00a0 La\u00a0 ciudadan\u00eda en general y\/o\u00a0 a\u00a0 quien le\u00a0 pueda\u00a0 interesar en materia acad\u00e9mica\u00a0 y\u00a0 para\u00a0 consultas <\/strong><\/li>\r\n<li><strong>abogadogilhernao.com<\/strong><strong> \u00a0 Esta pagina\u00a0 Web es\u00a0 netamente Acad\u00e9mica, jur\u00eddica\u00a0 y\u00a0 \u00a0informativa\u00a0 all\u00ed se explican y se\u00a0 ilustra el portafolio\u00a0 de Servicios que\u00a0 como\u00a0 abogados\u00a0 especialistas ofrecemos \u00a0\u00a0\u00a0en\u00a0 materia\u00a0\u00a0 de \u00a0\u00a0\u00a0Derecho\u00a0\u00a0 Colombiano (\u00e1reas\u00a0 y\u00a0 especializaciones\u00a0 all\u00ed\u00a0 descritas en materia de Derecho Colombiano y\/o\u00a0 los\u00a0 que\u00a0 hagan sus veces\u00a0 )\u00a0 . <\/strong><\/li>\r\n<\/ul>\r\n<p>\u00d8\u00a0 <strong>Para acceder a\u00a0 la\u00a0 p\u00e1gina\u00a0 y consultar \u00a0\u00a0sobre\u00a0 derecho <\/strong><strong>\u00a0es \u00a0gratuito la\u00a0 p\u00e1gina esta\u00a0 enlazada por medio del\u00a0 WhatsApp y \u00a0la respuesta\u00a0 es\u00a0 en l\u00ednea\u00a0 al\u00a0 interrogante\u00a0 o\u00a0 consulta sin \u00a0suministrar\u00a0 datos\u00a0 a\u00a0 excepci\u00f3n \u00a0del\u00a0 WhatsApp.<\/strong><\/p>\r\n<ul>\r\n<li><strong>El proceso y pasos son \u00a0\u00a0iguales \u00a0\u00a0cuando se contacta v\u00eda correo electr\u00f3nico.<\/strong><\/li>\r\n<li><strong>El acceso a la p\u00e1gina web es totalmente gratis all\u00ed encontrara materias, \u00e1reas, especialidades del derecho en Colombia y cada \u00e1rea tiene un abogado experto que lo orientara<\/strong> <strong>y le responder\u00e1 las dudas que tenga sobre su posible caso.<\/strong><\/li>\r\n<\/ul>\r\n<p>\u00d8\u00a0 <strong>The access to the page web is completely There you will find free subjects, areas, specialties of law in Colombia and each area has an expert lawyer to guide you<\/strong><strong> and will answer any questions you may have about your possible case.<\/strong><\/p>\r\n<ul>\r\n<li><strong>abogadogilhenao.com<\/strong> <strong>siempre respetara la normativa Nacional e Internacional sobre la Pol\u00edtica de Privacidad.<\/strong><\/li>\r\n<li><strong><u>Para los usuarios o consultantes el uso de sitio Web implica la aceptaci\u00f3n de esta Pol\u00edtica de Privacidad as\u00ed como las condiciones incluidas en el Aviso Legal.<\/u><\/strong><\/li>\r\n<\/ul>\r\n<p><strong>PRINCIPIOS APLICADOS EN EL TRATAMIENTO DE DATOS<\/strong><\/p>\r\n<p>En el tratamiento de tus datos personales \u00a0\u00a0\u00a0aplicar\u00e1 los siguientes principios que se ajustan a las exigencias del nuevo reglamento europeo de protecci\u00f3n de datos:<\/p>\r\n<ul>\r\n<li><strong>Principio de licitud, lealtad y transparencia:<\/strong>\u00a0 siempre requerir\u00e1 el consentimiento para el tratamiento de tus datos personales que puede ser para uno o varios fines espec\u00edficos sobre los que te informar\u00e1 <strong><u>previamente con absoluta transparencia.<\/u><\/strong><\/li>\r\n<li><strong>Principio de minimizaci\u00f3n de datos:<\/strong>\u00a0te solicitar\u00e1 solo los datos <strong><u>estrictamente necesarios<\/u><\/strong> para el fin o los fines que los solicita.<\/li>\r\n<li><strong>Principio de limitaci\u00f3n del plazo de conservaci\u00f3n:<\/strong>\u00a0Los datos se mantendr\u00e1n durante el tiempo estrictamente necesario para el fin o los fines del tratamiento.<\/li>\r\n<li><strong>Principio de integridad y confidencialidad:<\/strong>\u00a0Tus datos ser\u00e1n tratados de tal manera que su seguridad, confidencialidad e integridad est\u00e9 garantizada. Debes saber \u00a0\u00a0que se\u00a0 \u00a0\u00a0toman las precauciones necesarias para evitar el acceso no autorizado o uso indebido de los datos de sus usuarios por parte de terceros.<\/li>\r\n<li>\u00a0<\/li>\r\n<li><strong>OBTENCI\u00d3N DE DATOS PERSONALES<\/strong><\/li>\r\n<\/ul>\r\n<p>Para navegar en nuestra p\u00e1gina no<strong><u> se requiere<\/u><\/strong> que facilites ning\u00fan dato personal. Los casos en los que s\u00ed proporcionas tus datos personales son los siguientes:<\/p>\r\n<ul>\r\n<li>CUANDO SE REQUIERE DE UNA CONSULTA O RESOLVER ALGUNA INQUIETUD\u00a0 \u00a0LA PERSONA SE COMUNICA VIA \u00a0\u00a0WHATSAPP EL CUAL\u00a0\u00a0 ESTA ENLASADO A\u00a0 \u00a0\u00a0LA PAGINA\u00a0 PARA\u00a0 ATENCION A\u00a0 SUS\u00a0 INQUIETUDES EN LINEA VIA \u00a0WHATSAPP\u00a0 \u00a0.<\/li>\r\n<li>Y CUANDO SE COMUNICA\u00a0 VIA\u00a0 E MAIL UNICAMENTE \u00a0LOS DATOS\u00a0 SON LOS DEL CORREO ELECTRONICO DE\u00a0 QUIEN CONSULTA \u00a0.<\/li>\r\n<\/ul>\r\n<p>&nbsp;<\/p>\r\n<p><strong>TUS DERECHOS<\/strong><\/p>\r\n<p>La p\u00e1gina informa que sobre sus datos personales y\u00a0 que tienes derecho a:<\/p>\r\n<ul>\r\n<li>Solicitar el acceso a los datos almacenados.<\/li>\r\n<li>Solicitar una rectificaci\u00f3n o la cancelaci\u00f3n.<\/li>\r\n<li>Solicitar la limitaci\u00f3n de su tratamiento.<\/li>\r\n<li>Oponerte al tratamiento.<\/li>\r\n<li>Solicitar la portabilidad de tus datos.<\/li>\r\n<\/ul>\r\n<p>El ejercicio de estos derechos es personal y por tanto debe ser ejercido directamente por el interesado, solicit\u00e1ndolo directamente\u00a0 que significa que cualquier consultante o seguidor \u00a0que haya facilitado sus datos en alg\u00fan momento puede dirigirse a\u00a0 la p\u00e1gina \u00a0y pedir informaci\u00f3n sobre los datos que tiene almacenados y c\u00f3mo los ha obtenido, solicitar la rectificaci\u00f3n de los mismos, solicitar la portabilidad de sus datos personales, oponerse al tratamiento, limitar su uso o solicitar la cancelaci\u00f3n de esos datos en los ficheros del Grupo Colombiano de Consultor\u00eda.<\/p>\r\n<p>Para ejercitar tus derechos de acceso, rectificaci\u00f3n, cancelaci\u00f3n, portabilidad y oposici\u00f3n tienes que enviar un correo electr\u00f3nico a\u00a0 nuestra p\u00e1gina \u00a0\u00a0\u00a0junto con la prueba v\u00e1lida en derecho como una fotocopia del D.N.I. o equivalente.<\/p>\r\n<p>Tienes derecho a la tutela judicial efectiva y a presentar una reclamaci\u00f3n ante la autoridad de control, en este caso, la <strong><u>Agencia colombiana de Protecci\u00f3n de Datos,<\/u><\/strong> si consideras que el tratamiento de datos personales que te conciernen infringe el Reglamento.<\/p>\r\n<p><strong>FINALIDAD DEL TRATAMIENTO DE DATOS PERSONALES<\/strong><\/p>\r\n<p>Cuando te conectas al sitio Web para enviar un correo a nuestra p\u00e1gina \u00a0\u00a0s\u00f3lo como se describe en el Aviso Legal y en la presente Pol\u00edtica de Privacidad.<\/p>\r\n<p>Los datos personales y la finalidad del tratamiento\u00a0 son diferente seg\u00fan el sistema de captura de informaci\u00f3n:<\/p>\r\n<ul>\r\n<li><strong>V\u00eda <\/strong><strong>WhatsApp: <\/strong>:Posiblemente\u00a0 se\u00a0 solicite tipo de caso\u00a0 quien\u00a0\u00a0 consulta\u00a0 \u00a0Nombre y apellidos, informaci\u00f3n\u00a0 solicitada \u00fanicamente <strong><em><u>\u00a0<\/u><\/em><\/strong><strong><u>con \u00a0la finalidad de responder a tus consultas por este mismo medio <\/u><\/strong><strong>WhatsApp:<\/strong><strong><u>.<\/u><\/strong><\/li>\r\n<li><strong><u>Por ejemplo<\/u><\/strong>, <strong>www.abogadogilhenao.com<\/strong>\u00a0\u00a0 \u00a0utiliza esos datos \u00danicamente para dar respuesta a tus mensajes, dudas, consultas, comentarios o inquietudes que puedas tener relativas a los servicios\u00a0 que\u00a0 prestamos como\u00a0 abogados \u00a0incluida en el sitio Web, el tratamiento de tus datos personales, cuestiones referentes a los textos legales incluidos en el sitio Web, as\u00ed como cualquier otra consulta que puedas tener y que no est\u00e9 sujeta a las condiciones del sitio Web o de la contrataci\u00f3n.<\/li>\r\n<\/ul>\r\n<p><strong><u>Existen otras finalidades por las que \u00a0se \u00a0\u00a0trata tus datos personales:<\/u><\/strong><\/p>\r\n<ul>\r\n<li>Para garantizar el cumplimiento de las condiciones recogidas en el Aviso Legal y en la ley aplicable. Esto puede incluir el desarrollo de herramientas y algoritmos que ayuden a este sitio Web a garantizar la confidencialidad de los datos personales que recoge.<\/li>\r\n<li>Para apoyar y mejorar los servicios que ofrece este sitio Web.<\/li>\r\n<li>Para analizar la navegaci\u00f3n recoge otros datos no identificativos que se obtienen mediante el uso de cookies que se descargan en tu ordenador cuando navegas por el sitio Web cuyas caracter\u00edsticas y finalidad est\u00e1n detalladas en la Pol\u00edtica de Cookies.<\/li>\r\n<li>Para gestionar las redes sociales.\u00a0 tiene presencia en redes sociales. Si te haces seguidor en las redes sociales de la p\u00e1gina WEB los datos personales se regir\u00e1 por este apartado, as\u00ed como por aquellas condiciones de uso, <strong><u>pol\u00edticas de privacidad y normativas de acceso que pertenezcan a la red social que proceda en cada caso y que has aceptado previamente.<\/u><\/strong><\/li>\r\n<\/ul>\r\n<ul>\r\n<li>Puedes consultar las pol\u00edticas de privacidad de las principales redes Sociales y enlaces que tenga\u00a0 esta<\/li>\r\n<li>La pagina Web \u00a0tratar\u00e1 tus datos personales con la finalidad de administrar correctamente su presencia en la red social, informarte de sus actividades, productos o servicios, as\u00ed como para cualquier otra finalidad que las normativas de las redes sociales permitan.<\/li>\r\n<\/ul>\r\n<p>En ning\u00fan caso<strong> www.abogadogilhenao.com<\/strong>\u00a0\u00a0\u00a0 \u00a0utilizar\u00e1 los perfiles de seguidores en redes sociales para enviar publicidad de manera individual.<\/p>\r\n<p><strong><u>Seguridad de los datos personales<\/u><\/strong><\/p>\r\n<p>Para proteger tus datos personales, toma todas las precauciones razonables y sigue las mejores pr\u00e1cticas de la industria para evitar su p\u00e9rdida, mal uso, acceso indebido, divulgaci\u00f3n, alteraci\u00f3n o destrucci\u00f3n de los mismos.<\/p>\r\n<p>El sitio Web est\u00e1 alojado en HOSTIGER.CO<strong>.<\/strong> La seguridad de tus datos est\u00e1 garantizada por este sitio WEB donde esta alijada la p\u00e1gina, ya que toman todas las medidas de seguridad necesarias para ello. Puedes consultar su pol\u00edtica de privacidad para tener m\u00e1s informaci\u00f3n.<\/p>\r\n<p><strong><u>CONTENIDO DE OTROS SITIOS WEB<\/u><\/strong><\/p>\r\n<p>Las p\u00e1ginas de este sitio Web pueden incluir contenido incrustado (por ejemplo, v\u00eddeos, im\u00e1genes, art\u00edculos, etc.). El contenido incrustado de otras web <strong><u>se comporta exactamente de la misma manera que si hubieras visitado la otra web.<\/u><\/strong><\/p>\r\n<p>Estos sitios Web pueden recopilar datos sobre ti, utilizar cookies, incrustar un c\u00f3digo de seguimiento adicional de terceros, y supervisar tu interacci\u00f3n usando este c\u00f3digo.<\/p>\r\n<p><strong><u>POL\u00cdTICA DE COOKIES<\/u><\/strong><\/p>\r\n<p>Para que este sitio Web funcione correctamente necesita utilizar cookies, que es una informaci\u00f3n que se almacena en tu navegador web.<\/p>\r\n<p>En la p\u00e1gina Pol\u00edtica de Cookies puedes consultar toda la informaci\u00f3n relativa a la pol\u00edtica de recogida, la finalidad y el tratamiento de las cookies.<\/p>\r\n<p><strong><u>LEGITIMACI\u00d3N PARA EL TRATAMIENTO DE DATOS<\/u><\/strong><\/p>\r\n<p>La base legal para el tratamiento de tus datos es: <strong><u>el consentimiento.<\/u><\/strong><\/p>\r\n<p>Para contactar <strong>www.abogadogilhenao.com<\/strong>\u00a0\u00a0\u00a0 , Consultar\u00a0 y realizar comentarios en este sitio Web tienes que aceptar la <strong><u>presente Pol\u00edtica de Privacidad.<\/u><\/strong><\/p>\r\n<p>&nbsp;<\/p>\r\n<p><strong><u>Categor\u00edas de datos personales<\/u><\/strong><\/p>\r\n<p>Las categor\u00edas de datos personales que trata el <strong>www.abogadogilhenao.com<\/strong>\u00a0\u00a0\u00a0 \u00a0son:<\/p>\r\n<p><strong>Esta\u00a0 pagina\u00a0 Web es\u00a0 netamente Acad\u00e9mica, jur\u00eddica (servicios de Derecho\u00a0 que presta )asesor\u00edas \u00a0y\u00a0\u00a0 informativa\u00a0 all\u00ed se explican y se\u00a0 ilustran por medio\u00a0 de\u00a0 un completo \u00a0portafolio\u00a0 de Servicios\u00a0\u00a0\u00a0\u00a0\u00a0\u00a0 que\u00a0 donde se\u00a0 ofrecen\u00a0 asesor\u00edas y\u00a0 acompa\u00f1amiento de casos\u00a0 \u00a0en\u00a0 materia\u00a0\u00a0 de\u00a0\u00a0\u00a0 Derecho\u00a0\u00a0 Colombiano\u00a0 . <\/strong><\/p>\r\n<p><strong>El acceso para\u00a0\u00a0 contacto para\u00a0 realizar las consultas y\u00a0\u00a0 resolver\u00a0 dudas es mediante\u00a0 el mecanismo de\u00a0 llamada\u00a0\u00a0 v\u00eda whatsapp\u00a0\u00a0 y\u00a0 la respuesta\u00a0 es\u00a0\u00a0 en\u00a0 l\u00ednea por el mismo medio \u00a0.<\/strong><\/p>\r\n<p><strong>El proceso\u00a0 y\u00a0 los pasos\u00a0 son los mismos\u00a0\u00a0 cuando \u00a0se\u00a0 contacta\u00a0 v\u00eda\u00a0 correo electr\u00f3nico .<\/strong><\/p>\r\n<p>&nbsp;<\/p>\r\n<p><strong><u>CONSERVACI\u00d3N DE DATOS PERSONALES:<\/u><\/strong><\/p>\r\n<p>Los datos personales que proporciones \u00a0\u00a0\u00a0se conservar\u00e1n hasta que solicites su supresi\u00f3n.<\/p>\r\n<p>Haciendo la claridad\u00a0\u00a0 que e<strong>sta\u00a0 pagina\u00a0 Web es\u00a0 netamente Acad\u00e9mica, consultas ,jur\u00eddica\u00a0 y\u00a0\u00a0 informativa\u00a0 all\u00ed se explican y se\u00a0 ilustra el portafolio\u00a0 de Servicios\u00a0\u00a0 que se brinda a\u00a0 la\u00a0 comunidad \u00a0\u00a0\u00a0\u00a0y\u00a0 los servicios que se \u00a0\u00a0ofrecen\u00a0\u00a0 en\u00a0 materia\u00a0\u00a0 de\u00a0\u00a0\u00a0 Derecho\u00a0\u00a0 Colombiano\u00a0 . <\/strong><\/p>\r\n<p><strong>El acceso para\u00a0\u00a0 contacto para\u00a0 realizar las consultas y\u00a0\u00a0 resolver\u00a0 dudas es mediante\u00a0 el mecanismo de\u00a0 llamada\u00a0\u00a0 v\u00eda whatsapp\u00a0\u00a0 y\u00a0 la respuesta\u00a0 es\u00a0\u00a0 en\u00a0 l\u00ednea .<\/strong><\/p>\r\n<p><strong>\u00a0El proceso\u00a0 y\u00a0 los pasos\u00a0 son los mismos\u00a0\u00a0 cuando \u00a0se\u00a0 contacta\u00a0 v\u00eda\u00a0 correo electr\u00f3nico .<\/strong><\/p>\r\n<p><strong><u>DESTINATARIOS DE DATOS PERSONALES<\/u><\/strong><\/p>\r\n<p><strong>Google Analytics<\/strong>\u00a0es un servicio de anal\u00edtica web prestado por Google, Inc., una compa\u00f1\u00eda de Delaware cuya oficina principal est\u00e1 en 1600 Amphitheatre Parkway, Mountain View (California), CA 94043, Estados Unidos (\u201cGoogle\u201d). Encontrar\u00e1s m\u00e1s informaci\u00f3n en:\u00a0<a href=\"https:\/\/analytics.google.com\/\">https:\/\/analytics.google.com<\/a><br \/>Google Analytics utiliza \u201ccookies\u201d, que son archivos de texto ubicados en tu ordenador, para ayudar al Grupo Colombiano de Consultor\u00eda a analizar el uso que hacen los usuarios del sitio Web. La informaci\u00f3n que genera la cookie acerca del uso del sitio Web (incluyendo tu direcci\u00f3n IP) ser\u00e1 directamente transmitida y archivada por Google en los servidores de Estados Unidos.<\/p>\r\n<p>Tambi\u00e9n puedes ver una lista de los tipos de cookies que utiliza Google y sus colaboradores y toda la informaci\u00f3n relativa al uso que hacen de cookies publicitarias.<\/p>\r\n<p><strong><u>NAVEGACI\u00d3N WEB<\/u><\/strong><\/p>\r\n<p>Al navegar por\u00a0\u00a0el\u00a0 ciberespacio \u00a0\u00a0se pueden recoger datos no identificativos, que pueden incluir, la direcci\u00f3n IP, geolocalizaci\u00f3n, un registro de c\u00f3mo se utilizan los servicios y sitios, h\u00e1bitos de navegaci\u00f3n y otros datos que no pueden ser utilizados para identificarte.<\/p>\r\n<table>\r\n<tbody>\r\n<tr>\r\n<td width=\"671\"><strong><u>Ciberespacio<\/u><\/strong> : un mundo no f\u00edsico, el cu\u00e1l no tiene l\u00edmites, donde cualquier persona puede estar interconectada \u00fanicamente con un conexi\u00f3n a la red de tal manera que pueda interactuar con el mundo entero sin barreras .<\/td>\r\n<\/tr>\r\n<\/tbody>\r\n<\/table>\r\n<p><strong><u>EXACTITUD Y VERACIDAD DE LOS DATOS PERSONALES<\/u><\/strong><\/p>\r\n<p>Te comprometes a que los datos facilitados\u00a0 \u00a0\u00a0sean correctos, completos, exactos y vigentes, as\u00ed como a mantenerlos debidamente actualizados.<\/p>\r\n<p>Como Usuario del sitio Web eres el \u00fanico responsable de la veracidad y correcci\u00f3n de los datos que remitas al sitio <strong><u>exonerando a NUESTRA\u00a0 web \u00a0de cualquier responsabilidad al respecto.<\/u><\/strong><\/p>\r\n<p>&nbsp;<\/p>\r\n<p><strong>ACEPTACI\u00d3N Y CONSENTIMIENTO<\/strong><\/p>\r\n<p>Como Usuario del sitio Web declaras haber sido informado de las condiciones sobre protecci\u00f3n de datos de car\u00e1cter personal, aceptas y consientes el tratamiento de los mismos por parte de\u00a0\u00a0 la\u00a0 Web \u00a0en la forma y para las finalidades indicadas en esta Pol\u00edtica de Privacidad.<\/p>\r\n<p><strong>REVOCABILIDAD<\/strong><\/p>\r\n<p>El ejercicio de tus derechos no incluye ning\u00fan dato que el sitio WEB \u00a0\u00a0\u00a0\u00a0est\u00e9 obligado a conservar con fines administrativos, legales o de seguridad.<\/p>\r\n<p><strong>CAMBIOS EN LA POL\u00cdTICA DE PRIVACIDAD<\/strong><\/p>\r\n<p>El sitio\u00a0 Web\u00a0 reserva el derecho a modificar la presente Pol\u00edtica de Privacidad para actualizarla y\u00a0 adaptarla al orden \u00a0legislativo o jurisprudencial sobre\u00a0 la materia\u00a0 .<\/p>\r\n<p><strong><u>Estas pol\u00edticas estar\u00e1n vigentes hasta que sean modificadas por otras debidamente publicadas.<\/u><\/strong><\/p>\r\n<p>[\/vc_column_text][ct_button button_text=&#8221;Descarga las Pol\u00edtica de Privacidad&#8221; button_link=&#8221;url:http%3A%2F%2Fabogadogilhenao.com%2Fwp-content%2Fuploads%2F2023%2F07%2FTRATAMIENTO-DE-DATOS-WWW.ABOGADOGILHENAO.COM_.pdf&#8221;][\/vc_column][\/vc_row]<\/p><\/section>","protected":false},"excerpt":{"rendered":"<p>[vc_row][vc_column][vc_column_text] \u00a0 Qui\u00e9nes somos \u00a0Nuestra direcci\u00f3n de sitio web es: http:\/\/abogadogilhenao.com. Desarrollador WILFER CARDONA Desarrollador Web.Desarrollo de producci\u00f3n multimedia.Animaci\u00f3n y modelado 3D.Realidad Aumentada.Telecomunicaciones, Desarrollo de aplicaciones m\u00f3viles y Desarrollo de software personalizadoCeo de Engranaje Estudioshttps:\/\/engranajestudios.com\/Correo electr\u00f3nico nuevo pensao@gmail.comDosquebradas, Risaralda, Colombia IDENTIDAD DEL RESPONSABLE PORTAFOLIO DE SERVICIOS DE LA PAGINA. Abogado Juan Carlos gil Orteg\u00f3n Abogado [&hellip;]<\/p>\n","protected":false},"author":1,"featured_media":2917,"parent":0,"menu_order":0,"comment_status":"closed","ping_status":"open","template":"","meta":[],"_links":{"self":[{"href":"https:\/\/abogadogilhenao.com\/index.php\/wp-json\/wp\/v2\/pages\/3"}],"collection":[{"href":"https:\/\/abogadogilhenao.com\/index.php\/wp-json\/wp\/v2\/pages"}],"about":[{"href":"https:\/\/abogadogilhenao.com\/index.php\/wp-json\/wp\/v2\/types\/page"}],"author":[{"embeddable":true,"href":"https:\/\/abogadogilhenao.com\/index.php\/wp-json\/wp\/v2\/users\/1"}],"replies":[{"embeddable":true,"href":"https:\/\/abogadogilhenao.com\/index.php\/wp-json\/wp\/v2\/comments?post=3"}],"version-history":[{"count":7,"href":"https:\/\/abogadogilhenao.com\/index.php\/wp-json\/wp\/v2\/pages\/3\/revisions"}],"predecessor-version":[{"id":2944,"href":"https:\/\/abogadogilhenao.com\/index.php\/wp-json\/wp\/v2\/pages\/3\/revisions\/2944"}],"wp:featuredmedia":[{"embeddable":true,"href":"https:\/\/abogadogilhenao.com\/index.php\/wp-json\/wp\/v2\/media\/2917"}],"wp:attachment":[{"href":"https:\/\/abogadogilhenao.com\/index.php\/wp-json\/wp\/v2\/media?parent=3"}],"curies":[{"name":"wp","href":"https:\/\/api.w.org\/{rel}","templated":true}]}}